{"id":104,"date":"2020-02-04T08:24:28","date_gmt":"2020-02-04T11:24:28","guid":{"rendered":"https:\/\/www.dnssafety.com.br\/site\/?page_id=104"},"modified":"2020-02-04T08:25:27","modified_gmt":"2020-02-04T11:25:27","slug":"engenharia-civil","status":"publish","type":"page","link":"https:\/\/www.dnssafety.com.br\/site\/engenharia-civil\/","title":{"rendered":"Engenharia Civil"},"content":{"rendered":"<p>Ramo da engenharia que engloba a concep\u00e7\u00e3o, o projeto, constru\u00e7\u00e3o e manuten\u00e7\u00e3o de todos os tipos de infraestrutura necess\u00e1rios ao bem estar e ao desenvolvimento da sociedade, al\u00e9m da preserva\u00e7\u00e3o do ambiente natural.<\/p>\n<h2>Servi\u00e7os Prestados em Engenharia Civil com laudos, avalia\u00e7\u00f5es e servi\u00e7os<\/h2>\n<ul>\n<li>Vistorias, laudos t\u00e9cnicos e per\u00edcias;<\/li>\n<li>Supervis\u00e3o e acompanhamento de obras;<\/li>\n<li>Laudo de impacto de vizinhan\u00e7a;<\/li>\n<li>Avalia\u00e7\u00e3o e tratamento de patologias nas constru\u00e7\u00f5es;<\/li>\n<li>Parcelamento do Solo;<\/li>\n<li>Servi\u00e7os de Sondagens;<\/li>\n<li>Monitoramento e qualifica\u00e7\u00e3o de solos;<\/li>\n<\/ul>\n<h2>Projetos de Constru\u00e7\u00e3o Civil<\/h2>\n<ul>\n<li>Projetos b\u00e1sicos, conceituais e executivos;<\/li>\n<li>Projetos estruturais em concreto armado e alvenaria estrutural;<\/li>\n<li>Projetos de estruturas met\u00e1licas;<\/li>\n<li>Projetos de instala\u00e7\u00f5es hidr\u00e1ulicas;<\/li>\n<li>Projetos de instala\u00e7\u00f5es el\u00e9tricas;<\/li>\n<li>Projetos de SPDA;<\/li>\n<li>Projetos de combate a inc\u00eandio;<\/li>\n<li>Projetos de implanta\u00e7\u00e3o de loteamentos residenciais e industriais;<\/li>\n<li>Projetos de drenagem;<\/li>\n<li>Projetos para abastecimento de \u00e1gua e redes de irriga\u00e7\u00e3o;<\/li>\n<li>Projetos de implanta\u00e7\u00e3o de esta\u00e7\u00f5es de tratamento de esgotos;<\/li>\n<\/ul>\n<h2>\u00a0Documenta\u00e7\u00f5es, regulariza\u00e7\u00f5es e alvar\u00e1s<\/h2>\n<ul>\n<li>Alvar\u00e1 de execu\u00e7\u00e3o de obras novas, amplia\u00e7\u00f5es e reformas;<\/li>\n<li>Regulariza\u00e7\u00e3o de projetos residencial, comercial e industrial junto aos \u00f3rg\u00e3os p\u00fablicos;<\/li>\n<li>Emiss\u00e3o da Certid\u00e3o Negativa de D\u00e9bito;<\/li>\n<li>Emiss\u00e3o de Habite-se;<\/li>\n<li>Estudos de viabilidade t\u00e9cnica e econ\u00f4mica;<\/li>\n<li>Obten\u00e7\u00e3o do certificado de conclus\u00e3o de obra;<\/li>\n<li>Obten\u00e7\u00e3o de Licen\u00e7as e AVCB (Corpo de Bombeiros);<\/li>\n<\/ul>\n","protected":false},"excerpt":{"rendered":"<p>Ramo da engenharia que engloba a concep\u00e7\u00e3o, o projeto, constru\u00e7\u00e3o e manuten\u00e7\u00e3o de todos os tipos de infraestrutura necess\u00e1rios ao bem estar e ao desenvolvimento da sociedade, al\u00e9m da preserva\u00e7\u00e3o do ambiente natural. Servi\u00e7os Prestados em Engenharia Civil com laudos, [&hellip;]<\/p>\n","protected":false},"author":1,"featured_media":0,"parent":0,"menu_order":0,"comment_status":"closed","ping_status":"closed","template":"full-width.php","meta":{"footnotes":""},"class_list":["post-104","page","type-page","status-publish","hentry"],"_links":{"self":[{"href":"https:\/\/www.dnssafety.com.br\/site\/wp-json\/wp\/v2\/pages\/104","targetHints":{"allow":["GET"]}}],"collection":[{"href":"https:\/\/www.dnssafety.com.br\/site\/wp-json\/wp\/v2\/pages"}],"about":[{"href":"https:\/\/www.dnssafety.com.br\/site\/wp-json\/wp\/v2\/types\/page"}],"author":[{"embeddable":true,"href":"https:\/\/www.dnssafety.com.br\/site\/wp-json\/wp\/v2\/users\/1"}],"replies":[{"embeddable":true,"href":"https:\/\/www.dnssafety.com.br\/site\/wp-json\/wp\/v2\/comments?post=104"}],"version-history":[{"count":2,"href":"https:\/\/www.dnssafety.com.br\/site\/wp-json\/wp\/v2\/pages\/104\/revisions"}],"predecessor-version":[{"id":107,"href":"https:\/\/www.dnssafety.com.br\/site\/wp-json\/wp\/v2\/pages\/104\/revisions\/107"}],"wp:attachment":[{"href":"https:\/\/www.dnssafety.com.br\/site\/wp-json\/wp\/v2\/media?parent=104"}],"curies":[{"name":"wp","href":"https:\/\/api.w.org\/{rel}","templated":true}]}}