{"id":108,"date":"2020-02-04T08:25:56","date_gmt":"2020-02-04T11:25:56","guid":{"rendered":"https:\/\/www.dnssafety.com.br\/site\/?page_id=108"},"modified":"2020-02-04T08:26:59","modified_gmt":"2020-02-04T11:26:59","slug":"engenharia-eletrica","status":"publish","type":"page","link":"https:\/\/www.dnssafety.com.br\/site\/engenharia-eletrica\/","title":{"rendered":"Engenharia El\u00e9trica"},"content":{"rendered":"<h2>Recupera\u00e7\u00e3o de Cr\u00e9dito de ICMS em Energia El\u00e9trica<\/h2>\n<p>O Imposto sobre Circula\u00e7\u00e3o de Mercadorias e Servi\u00e7os \u2013 ICMS \u00e9 uma taxa acrescentada nas contas de energia el\u00e9trica, e muitas vezes pode ter sua cobran\u00e7a diminu\u00edda ou at\u00e9 mesmo cancelada dependendo\u00a0do consumo ligado a\u00a0fabrica\u00e7\u00e3o direta do produto, para quem busca por essa dedu\u00e7\u00e3o deve contar com empresas especializadas em servi\u00e7os de energia el\u00e9trica para realizar a vistoria e emitir o\u00a0laudo de ICMS\u00a0que \u00e9 necess\u00e1rio para o abatimento do valor na conta.<\/p>\n<p>Por ser elaborado de acordo com as normas brasileiras, o laudo t\u00e9cnico ICMS \u00e9 um documento que habilita a ind\u00fastria a se creditar do ICMS mensalmente, sem necessidade pr\u00e9via de comunica\u00e7\u00e3o ou de autoriza\u00e7\u00e3o das Secretarias das Fazendas Estaduais.<\/p>\n<p>Nessa \u00e1rea de engenharia el\u00e9trica confeccionamos laudo El\u00e9trico para cr\u00e9dito de ICMS.<\/p>\n","protected":false},"excerpt":{"rendered":"<p>Recupera\u00e7\u00e3o de Cr\u00e9dito de ICMS em Energia El\u00e9trica O Imposto sobre Circula\u00e7\u00e3o de Mercadorias e Servi\u00e7os \u2013 ICMS \u00e9 uma taxa acrescentada nas contas de energia el\u00e9trica, e muitas vezes pode ter sua cobran\u00e7a diminu\u00edda ou at\u00e9 mesmo cancelada dependendo\u00a0do [&hellip;]<\/p>\n","protected":false},"author":1,"featured_media":0,"parent":0,"menu_order":0,"comment_status":"closed","ping_status":"closed","template":"full-width.php","meta":{"footnotes":""},"class_list":["post-108","page","type-page","status-publish","hentry"],"_links":{"self":[{"href":"https:\/\/www.dnssafety.com.br\/site\/wp-json\/wp\/v2\/pages\/108","targetHints":{"allow":["GET"]}}],"collection":[{"href":"https:\/\/www.dnssafety.com.br\/site\/wp-json\/wp\/v2\/pages"}],"about":[{"href":"https:\/\/www.dnssafety.com.br\/site\/wp-json\/wp\/v2\/types\/page"}],"author":[{"embeddable":true,"href":"https:\/\/www.dnssafety.com.br\/site\/wp-json\/wp\/v2\/users\/1"}],"replies":[{"embeddable":true,"href":"https:\/\/www.dnssafety.com.br\/site\/wp-json\/wp\/v2\/comments?post=108"}],"version-history":[{"count":3,"href":"https:\/\/www.dnssafety.com.br\/site\/wp-json\/wp\/v2\/pages\/108\/revisions"}],"predecessor-version":[{"id":112,"href":"https:\/\/www.dnssafety.com.br\/site\/wp-json\/wp\/v2\/pages\/108\/revisions\/112"}],"wp:attachment":[{"href":"https:\/\/www.dnssafety.com.br\/site\/wp-json\/wp\/v2\/media?parent=108"}],"curies":[{"name":"wp","href":"https:\/\/api.w.org\/{rel}","templated":true}]}}