{"id":113,"date":"2020-02-04T08:27:40","date_gmt":"2020-02-04T11:27:40","guid":{"rendered":"https:\/\/www.dnssafety.com.br\/site\/?page_id=113"},"modified":"2020-02-04T08:27:40","modified_gmt":"2020-02-04T11:27:40","slug":"engenharia-producao","status":"publish","type":"page","link":"https:\/\/www.dnssafety.com.br\/site\/engenharia-producao\/","title":{"rendered":"Engenharia Produ\u00e7\u00e3o"},"content":{"rendered":"<p>A Engenharia de Produ\u00e7\u00e3o se dedica \u00e0 concep\u00e7\u00e3o, melhoria e implementa\u00e7\u00e3o de sistemas que envolvem pessoas, materiais, informa\u00e7\u00f5es, equipamentos, energia e maiores conhecimentos e habilidades dentro de uma linha de produ\u00e7\u00e3o.<\/p>\n<h2>Servi\u00e7os Prestados em Engenharia de Produ\u00e7\u00e3o<\/h2>\n<ul>\n<li>Melhoria e garantia de processos produtivos: desenvolvimento e implanta\u00e7\u00e3o de sistemas produtivos e log\u00edsticos;<\/li>\n<li>Foco em estrat\u00e9gias de manufatura: atua na organiza\u00e7\u00e3o e planejamento do fluxo de produ\u00e7\u00e3o, redu\u00e7\u00e3o de estoques, diminui\u00e7\u00e3o do tempo de atravessamento, otimiza\u00e7\u00e3o e racionaliza\u00e7\u00e3o de processos, entre outras atividades;<\/li>\n<li>Implementa\u00e7\u00e3o de processos produtivos para implementa\u00e7\u00e3o ou melhoria de produtos;<\/li>\n<li>Estudos de tempos e m\u00e9todos do trabalho visando o aumento da produtividade em vista \u00e0 melhoria da qualidade da opera\u00e7\u00e3o manual;<\/li>\n<li>Simula\u00e7\u00e3o de processos produtivos e log\u00edsticos visando a an\u00e1lise em projeto organizacional;<\/li>\n<\/ul>\n","protected":false},"excerpt":{"rendered":"<p>A Engenharia de Produ\u00e7\u00e3o se dedica \u00e0 concep\u00e7\u00e3o, melhoria e implementa\u00e7\u00e3o de sistemas que envolvem pessoas, materiais, informa\u00e7\u00f5es, equipamentos, energia e maiores conhecimentos e habilidades dentro de uma linha de produ\u00e7\u00e3o. Servi\u00e7os Prestados em Engenharia de Produ\u00e7\u00e3o Melhoria e garantia [&hellip;]<\/p>\n","protected":false},"author":1,"featured_media":0,"parent":0,"menu_order":0,"comment_status":"closed","ping_status":"closed","template":"full-width.php","meta":{"footnotes":""},"class_list":["post-113","page","type-page","status-publish","hentry"],"_links":{"self":[{"href":"https:\/\/www.dnssafety.com.br\/site\/wp-json\/wp\/v2\/pages\/113","targetHints":{"allow":["GET"]}}],"collection":[{"href":"https:\/\/www.dnssafety.com.br\/site\/wp-json\/wp\/v2\/pages"}],"about":[{"href":"https:\/\/www.dnssafety.com.br\/site\/wp-json\/wp\/v2\/types\/page"}],"author":[{"embeddable":true,"href":"https:\/\/www.dnssafety.com.br\/site\/wp-json\/wp\/v2\/users\/1"}],"replies":[{"embeddable":true,"href":"https:\/\/www.dnssafety.com.br\/site\/wp-json\/wp\/v2\/comments?post=113"}],"version-history":[{"count":1,"href":"https:\/\/www.dnssafety.com.br\/site\/wp-json\/wp\/v2\/pages\/113\/revisions"}],"predecessor-version":[{"id":114,"href":"https:\/\/www.dnssafety.com.br\/site\/wp-json\/wp\/v2\/pages\/113\/revisions\/114"}],"wp:attachment":[{"href":"https:\/\/www.dnssafety.com.br\/site\/wp-json\/wp\/v2\/media?parent=113"}],"curies":[{"name":"wp","href":"https:\/\/api.w.org\/{rel}","templated":true}]}}