{"id":116,"date":"2020-02-04T08:29:19","date_gmt":"2020-02-04T11:29:19","guid":{"rendered":"https:\/\/www.dnssafety.com.br\/site\/?page_id=116"},"modified":"2021-07-06T11:17:30","modified_gmt":"2021-07-06T14:17:30","slug":"produtos-controlados","status":"publish","type":"page","link":"https:\/\/www.dnssafety.com.br\/site\/produtos-controlados\/","title":{"rendered":"Produtos Controlados"},"content":{"rendered":"<p>&nbsp;<\/p>\n<p><img loading=\"lazy\" decoding=\"async\" class=\"size-medium wp-image-242 alignright\" src=\"https:\/\/www.dnssafety.com.br\/site\/site\/wp-content\/uploads\/2021\/07\/WhatsApp-Image-2021-07-06-at-11.12.38-300x210.jpeg\" alt=\"\" width=\"300\" height=\"210\" srcset=\"https:\/\/www.dnssafety.com.br\/site\/wp-content\/uploads\/2021\/07\/WhatsApp-Image-2021-07-06-at-11.12.38-300x210.jpeg 300w, https:\/\/www.dnssafety.com.br\/site\/wp-content\/uploads\/2021\/07\/WhatsApp-Image-2021-07-06-at-11.12.38.jpeg 512w\" sizes=\"auto, (max-width: 300px) 100vw, 300px\" \/><\/p>\n<p>Produtos Controlados &#8211; Policia Civil, Federal e\u00a0 Exercito:<\/p>\n<h2>Pol\u00edcia Civil<\/h2>\n<ul>\n<li>Alvar\u00e1s para fabrica\u00e7\u00e3o, utiliza\u00e7\u00e3o, manipula\u00e7\u00e3o, transporte, comercializa\u00e7\u00e3o, distribui\u00e7\u00e3o, exporta\u00e7\u00e3o e\/ou importa\u00e7\u00e3o de produtos controlados;<\/li>\n<li>Certificados de vistoria t\u00e9cnica policial para armazenamento de produtos qu\u00edmicos controlados;<\/li>\n<li>Mapas trimestrais relacionados \u00e0s atividades com produtos controlados;<\/li>\n<\/ul>\n<h2>Pol\u00edcia Federal<\/h2>\n<ul>\n<li>Certificado de registro cadastral;<\/li>\n<li>Certificado para licen\u00e7a de funcionamento;<\/li>\n<li>Autoriza\u00e7\u00e3o pr\u00e9via para importa\u00e7\u00e3o e \/ou exporta\u00e7\u00e3o de produtos qu\u00edmicos controlados;<\/li>\n<li>Mapas mensais relacionados \u00e0s atividades com produtos controlados;<\/li>\n<\/ul>\n<h2>Ex\u00e9rcito Brasileiro<\/h2>\n<ul>\n<li>T\u00edtulo de registro para fabrica\u00e7\u00e3o de produtos controlados;<\/li>\n<li>Certificado de registro para fabrica\u00e7\u00e3o, utiliza\u00e7\u00e3o, manipula\u00e7\u00e3o, armazenamento, transporte, comercializa\u00e7\u00e3o, distribui\u00e7\u00e3o, exporta\u00e7\u00e3o e\/ou importa\u00e7\u00e3o de produtos controlados;<\/li>\n<li>Apostilamentos de produtos controlados;<\/li>\n<li>Mapas trimestrais relacionados \u00e0s atividades com produtos controlados;<\/li>\n<li>Certificado internacional de importa\u00e7\u00e3o \u2013 CII;<\/li>\n<li>Guia de desembara\u00e7o alfandeg\u00e1rio \u2013 GDA;<\/li>\n<li>Licen\u00e7a pr\u00e9via para exporta\u00e7\u00e3o;<\/li>\n<\/ul>\n","protected":false},"excerpt":{"rendered":"<p>&nbsp; Produtos Controlados &#8211; Policia Civil, Federal e\u00a0 Exercito: Pol\u00edcia Civil Alvar\u00e1s para fabrica\u00e7\u00e3o, utiliza\u00e7\u00e3o, manipula\u00e7\u00e3o, transporte, comercializa\u00e7\u00e3o, distribui\u00e7\u00e3o, exporta\u00e7\u00e3o e\/ou importa\u00e7\u00e3o de produtos controlados; Certificados de vistoria t\u00e9cnica policial para armazenamento de produtos qu\u00edmicos controlados; Mapas trimestrais relacionados \u00e0s [&hellip;]<\/p>\n","protected":false},"author":1,"featured_media":242,"parent":0,"menu_order":0,"comment_status":"closed","ping_status":"closed","template":"full-width.php","meta":{"footnotes":""},"class_list":["post-116","page","type-page","status-publish","has-post-thumbnail","hentry"],"_links":{"self":[{"href":"https:\/\/www.dnssafety.com.br\/site\/wp-json\/wp\/v2\/pages\/116","targetHints":{"allow":["GET"]}}],"collection":[{"href":"https:\/\/www.dnssafety.com.br\/site\/wp-json\/wp\/v2\/pages"}],"about":[{"href":"https:\/\/www.dnssafety.com.br\/site\/wp-json\/wp\/v2\/types\/page"}],"author":[{"embeddable":true,"href":"https:\/\/www.dnssafety.com.br\/site\/wp-json\/wp\/v2\/users\/1"}],"replies":[{"embeddable":true,"href":"https:\/\/www.dnssafety.com.br\/site\/wp-json\/wp\/v2\/comments?post=116"}],"version-history":[{"count":4,"href":"https:\/\/www.dnssafety.com.br\/site\/wp-json\/wp\/v2\/pages\/116\/revisions"}],"predecessor-version":[{"id":243,"href":"https:\/\/www.dnssafety.com.br\/site\/wp-json\/wp\/v2\/pages\/116\/revisions\/243"}],"wp:featuredmedia":[{"embeddable":true,"href":"https:\/\/www.dnssafety.com.br\/site\/wp-json\/wp\/v2\/media\/242"}],"wp:attachment":[{"href":"https:\/\/www.dnssafety.com.br\/site\/wp-json\/wp\/v2\/media?parent=116"}],"curies":[{"name":"wp","href":"https:\/\/api.w.org\/{rel}","templated":true}]}}