{"id":119,"date":"2020-02-04T08:30:27","date_gmt":"2020-02-04T11:30:27","guid":{"rendered":"https:\/\/www.dnssafety.com.br\/site\/?page_id=119"},"modified":"2021-07-06T11:30:43","modified_gmt":"2021-07-06T14:30:43","slug":"anvisa","status":"publish","type":"page","link":"https:\/\/www.dnssafety.com.br\/site\/anvisa\/","title":{"rendered":"ANVISA"},"content":{"rendered":"<h2><\/h2>\n<h2><img loading=\"lazy\" decoding=\"async\" class=\"alignnone  wp-image-248\" src=\"https:\/\/www.dnssafety.com.br\/site\/site\/wp-content\/uploads\/2021\/07\/Anvisa-300x231.jpg\" alt=\"\" width=\"376\" height=\"290\" srcset=\"https:\/\/www.dnssafety.com.br\/site\/wp-content\/uploads\/2021\/07\/Anvisa-300x231.jpg 300w, https:\/\/www.dnssafety.com.br\/site\/wp-content\/uploads\/2021\/07\/Anvisa.jpg 545w\" sizes=\"auto, (max-width: 376px) 100vw, 376px\" \/><\/h2>\n<h2>Produtos para Sa\u00fade<\/h2>\n<p>A DNS Safety conta com profissionais com experi\u00eancia na Gest\u00e3o de Produtos para a Sa\u00fade, garantindo assim a manuten\u00e7\u00e3o e a confiabilidade dos Dispositivos M\u00e9dicos \u201cProdutos para a Sa\u00fade\u201d.<\/p>\n<h2>Servi\u00e7os Prestados<\/h2>\n<ul>\n<li>Registro e Cadastro de Produtos conforme RDC 185;<\/li>\n<li>Elabora\u00e7\u00e3o de Procedimentos e Auditorias de conformidade\u00a0 RDC 16;<\/li>\n<li>Projeto Sanit\u00e1rio ou Layout de Fluxo Operacional (VISA);<\/li>\n<li>LTA (Laudo T\u00e9cnico de Aprova\u00e7\u00e3o) na VISA local;<\/li>\n<li>Manuten\u00e7\u00e3o e obten\u00e7\u00e3o da Licen\u00e7a e\/ou Cadastro de Funcionamento (VISA);<\/li>\n<li>Autoriza\u00e7\u00e3o de Funcionamento AFE (ANVISA);<\/li>\n<li>Atualiza\u00e7\u00e3o de Porte (ANVISA);<\/li>\n<li>Altera\u00e7\u00f5es de Endere\u00e7o, Raz\u00e3o Social, Representante Legal e T\u00e9cnico;<\/li>\n<li>Peticionamento e acompanhamento de processos;<\/li>\n<li>Terceiriza\u00e7\u00e3o da \u00e1rea de Assuntos Regulat\u00f3rios de sua empresa;<\/li>\n<\/ul>\n<h2>O que s\u00e3o equipamentos m\u00e9dicos?<\/h2>\n<p>Os equipamentos m\u00e9dicos sob regime de Vigil\u00e2ncia Sanit\u00e1ria compreendem todos os equipamentos de uso em sa\u00fade com finalidade m\u00e9dica, odontol\u00f3gica, laboratorial ou fisioter\u00e1pica, utilizados direta ou indiretamente para diagn\u00f3stico, terapia, reabilita\u00e7\u00e3o ou monitoriza\u00e7\u00e3o de seres humanos e, ainda, os com finalidade de embelezamento e est\u00e9tica.<\/p>\n<p>Os equipamentos m\u00e9dicos est\u00e3o inseridos na categoria de produtos para a sa\u00fade, outrora denominados de correlatos, em conjunto com os materiais de uso em sa\u00fade e os produtos de diagn\u00f3stico de uso in vitro.<\/p>\n<p>Os equipamentos m\u00e9dicos s\u00e3o compostos, na sua grande maioria, pelos produtos m\u00e9dicos ativos, implant\u00e1veis ou n\u00e3o implant\u00e1veis. No entanto, tamb\u00e9m podem existir equipamentos m\u00e9dicos n\u00e3o ativos, como por exemplo, as cadeiras de rodas, macas, camas hospitalares, mesas cir\u00fargicas, cadeiras para exame, dentre outros.<\/p>\n","protected":false},"excerpt":{"rendered":"<p>Produtos para Sa\u00fade A DNS Safety conta com profissionais com experi\u00eancia na Gest\u00e3o de Produtos para a Sa\u00fade, garantindo assim a manuten\u00e7\u00e3o e a confiabilidade dos Dispositivos M\u00e9dicos \u201cProdutos para a Sa\u00fade\u201d. Servi\u00e7os Prestados Registro e Cadastro de Produtos conforme [&hellip;]<\/p>\n","protected":false},"author":1,"featured_media":0,"parent":0,"menu_order":0,"comment_status":"closed","ping_status":"closed","template":"full-width.php","meta":{"footnotes":""},"class_list":["post-119","page","type-page","status-publish","hentry"],"_links":{"self":[{"href":"https:\/\/www.dnssafety.com.br\/site\/wp-json\/wp\/v2\/pages\/119","targetHints":{"allow":["GET"]}}],"collection":[{"href":"https:\/\/www.dnssafety.com.br\/site\/wp-json\/wp\/v2\/pages"}],"about":[{"href":"https:\/\/www.dnssafety.com.br\/site\/wp-json\/wp\/v2\/types\/page"}],"author":[{"embeddable":true,"href":"https:\/\/www.dnssafety.com.br\/site\/wp-json\/wp\/v2\/users\/1"}],"replies":[{"embeddable":true,"href":"https:\/\/www.dnssafety.com.br\/site\/wp-json\/wp\/v2\/comments?post=119"}],"version-history":[{"count":6,"href":"https:\/\/www.dnssafety.com.br\/site\/wp-json\/wp\/v2\/pages\/119\/revisions"}],"predecessor-version":[{"id":247,"href":"https:\/\/www.dnssafety.com.br\/site\/wp-json\/wp\/v2\/pages\/119\/revisions\/247"}],"wp:attachment":[{"href":"https:\/\/www.dnssafety.com.br\/site\/wp-json\/wp\/v2\/media?parent=119"}],"curies":[{"name":"wp","href":"https:\/\/api.w.org\/{rel}","templated":true}]}}