{"id":184,"date":"2020-02-26T16:09:46","date_gmt":"2020-02-26T19:09:46","guid":{"rendered":"https:\/\/www.dnssafety.com.br\/site\/?page_id=184"},"modified":"2021-07-31T15:36:16","modified_gmt":"2021-07-31T18:36:16","slug":"avcb-e-clcb-corpo-de-bombeiros","status":"publish","type":"page","link":"https:\/\/www.dnssafety.com.br\/site\/avcb-e-clcb-corpo-de-bombeiros\/","title":{"rendered":"AVCB e CLCB &#8211; Corpo de Bombeiros"},"content":{"rendered":"<p>&nbsp;<\/p>\n<p><img loading=\"lazy\" decoding=\"async\" class=\"wp-image-271 alignnone\" src=\"https:\/\/www.dnssafety.com.br\/site\/site\/wp-content\/uploads\/2021\/07\/0001511_full_blog-300x133.jpg\" alt=\"\" width=\"798\" height=\"354\" srcset=\"https:\/\/www.dnssafety.com.br\/site\/wp-content\/uploads\/2021\/07\/0001511_full_blog-300x133.jpg 300w, https:\/\/www.dnssafety.com.br\/site\/wp-content\/uploads\/2021\/07\/0001511_full_blog-1024x453.jpg 1024w, https:\/\/www.dnssafety.com.br\/site\/wp-content\/uploads\/2021\/07\/0001511_full_blog-768x340.jpg 768w, https:\/\/www.dnssafety.com.br\/site\/wp-content\/uploads\/2021\/07\/0001511_full_blog-1536x680.jpg 1536w, https:\/\/www.dnssafety.com.br\/site\/wp-content\/uploads\/2021\/07\/0001511_full_blog-1350x600.jpg 1350w, https:\/\/www.dnssafety.com.br\/site\/wp-content\/uploads\/2021\/07\/0001511_full_blog.jpg 1600w\" sizes=\"auto, (max-width: 798px) 100vw, 798px\" \/><\/p>\n<h2>Preven\u00e7\u00e3o e Combate a Inc\u00eandio<\/h2>\n<p>Nossos trabalhos v\u00e3o desde a elabora\u00e7\u00e3o e aprova\u00e7\u00e3o de projetos at\u00e9 vistoria final, obten\u00e7\u00e3o de AVCB e CLCB regulariza\u00e7\u00e3o da edifica\u00e7\u00e3o.<\/p>\n<p>A DNS Safety, \u00e9 uma empresa de Engenharia que trabalha com parcerias especializadas em seguran\u00e7a contra inc\u00eandio que proporciona a melhor rela\u00e7\u00e3o custo-benef\u00edcio para execu\u00e7\u00e3o de Sistemas de Sprinklers, Hidrantes, Detec\u00e7\u00e3o e Alarme, Sistemas de Supress\u00e3o, Extin\u00e7\u00e3o Autom\u00e1tica e diversas outras solu\u00e7\u00f5es contra inc\u00eandio. Trazendo uma maior confian\u00e7a e rentabilidade ao seu projeto final.<\/p>\n<p>AVCB e CLCB, \u00e9 o documento emitido pelo Corpo de Bombeiros, certificando que, durante a vistoria, a edifica\u00e7\u00e3o possu\u00ed as condi\u00e7\u00f5es de seguran\u00e7a contra inc\u00eandio (\u00c9 um conjunto de medidas estruturais, t\u00e9cnicas e organizacionais integradas para garantir a edifica\u00e7\u00e3o um n\u00edvel \u00f3timo de prote\u00e7\u00e3o no segmento de seguran\u00e7a contra inc\u00eandios e p\u00e2nico.), previstas pela legisla\u00e7\u00e3o e constantes no processo, estabelecendo um per\u00edodo de revalida\u00e7\u00e3o.<\/p>\n<p>O Auto de Vistoria do Corpo de Bombeiros (AVCB), \u00e9 o documento emitido pelo Corpo de Bombeiros onde atesta que durante a vistoria realizada a edifica\u00e7\u00e3o possui as condi\u00e7\u00f5es de seguran\u00e7a contra inc\u00eandio.<\/p>\n<p>O Certificado de Licen\u00e7a do Corpo de Bombeiros (CLCB), \u00e9 o documento emitido pelo Corpo de Bombeiros onde ele enquadra a edifica\u00e7\u00e3o como baixo potencial de risco a vida ou ao patrim\u00f4nio concluindo assim o processo de seguran\u00e7a contra inc\u00eandio para regulariza\u00e7\u00e3o junto ao Corpo de Bombeiros.<\/p>\n<p>Contate-nos para maiores esclarecimentos teremos prazer em atend\u00ea-lo.<br \/>\nvendas@dnssafety.com.br<\/p>\n","protected":false},"excerpt":{"rendered":"<p>&nbsp; Preven\u00e7\u00e3o e Combate a Inc\u00eandio Nossos trabalhos v\u00e3o desde a elabora\u00e7\u00e3o e aprova\u00e7\u00e3o de projetos at\u00e9 vistoria final, obten\u00e7\u00e3o de AVCB e CLCB regulariza\u00e7\u00e3o da edifica\u00e7\u00e3o. A DNS Safety, \u00e9 uma empresa de Engenharia que trabalha com parcerias especializadas [&hellip;]<\/p>\n","protected":false},"author":1,"featured_media":0,"parent":0,"menu_order":0,"comment_status":"closed","ping_status":"closed","template":"full-width.php","meta":{"footnotes":""},"class_list":["post-184","page","type-page","status-publish","hentry"],"_links":{"self":[{"href":"https:\/\/www.dnssafety.com.br\/site\/wp-json\/wp\/v2\/pages\/184","targetHints":{"allow":["GET"]}}],"collection":[{"href":"https:\/\/www.dnssafety.com.br\/site\/wp-json\/wp\/v2\/pages"}],"about":[{"href":"https:\/\/www.dnssafety.com.br\/site\/wp-json\/wp\/v2\/types\/page"}],"author":[{"embeddable":true,"href":"https:\/\/www.dnssafety.com.br\/site\/wp-json\/wp\/v2\/users\/1"}],"replies":[{"embeddable":true,"href":"https:\/\/www.dnssafety.com.br\/site\/wp-json\/wp\/v2\/comments?post=184"}],"version-history":[{"count":14,"href":"https:\/\/www.dnssafety.com.br\/site\/wp-json\/wp\/v2\/pages\/184\/revisions"}],"predecessor-version":[{"id":273,"href":"https:\/\/www.dnssafety.com.br\/site\/wp-json\/wp\/v2\/pages\/184\/revisions\/273"}],"wp:attachment":[{"href":"https:\/\/www.dnssafety.com.br\/site\/wp-json\/wp\/v2\/media?parent=184"}],"curies":[{"name":"wp","href":"https:\/\/api.w.org\/{rel}","templated":true}]}}