{"id":30,"date":"2020-02-03T08:21:00","date_gmt":"2020-02-03T11:21:00","guid":{"rendered":"http:\/\/www.dnssafety.com.br\/site\/?page_id=30"},"modified":"2020-02-26T15:36:48","modified_gmt":"2020-02-26T18:36:48","slug":"a-seguranca-no-local-de-trabalho","status":"publish","type":"page","link":"https:\/\/www.dnssafety.com.br\/site\/a-seguranca-no-local-de-trabalho\/","title":{"rendered":"A Seguran\u00e7a no Local de Trabalho"},"content":{"rendered":"<p>A seguran\u00e7a no local de trabalho refere-se ao ambiente de trabalho em uma empresa e abrange todos os fatores que afetam a seguran\u00e7a, a sa\u00fade e o bem-estar dos funcion\u00e1rios.<!--more-->\u00a0<span id=\"more-301\"><\/span>Isso pode incluir riscos ambientais, condi\u00e7\u00f5es ou processos inseguros de trabalho, abuso de drogas e \u00e1lcool e viol\u00eancia no local de trabalho.\u00a0A seguran\u00e7a do local de trabalho \u00e9 monitorada em n\u00edvel nacional pela Administra\u00e7\u00e3o de Seguran\u00e7a e Sa\u00fade Ocupacional (OSHA).<\/p>\n<p>A OSHA tem tr\u00eas objetivos declarados que servem como a pedra angular de suas pol\u00edticas e regulamentos: 1) Melhorar a seguran\u00e7a e a sa\u00fade de todos os trabalhadores, como evidenciado por menos perigos, exposi\u00e7\u00f5es reduzidas e menos les\u00f5es, doen\u00e7as e fatalidades;\u00a02) Mudar a cultura do local de trabalho para aumentar a conscientiza\u00e7\u00e3o do empregador e do trabalhador quanto ao comprometimento e envolvimento na seguran\u00e7a e sa\u00fade;\u00a03) Garantir a confian\u00e7a do p\u00fablico atrav\u00e9s da excel\u00eancia no desenvolvimento e fornecimento de programas e servi\u00e7os da OSHA.\u00a0As diretrizes federais impostas por esta ag\u00eancia s\u00e3o complementadas por regulamentos estaduais que geralmente s\u00e3o mais r\u00edgidos do que os propostos pela OSHA.<\/p>\n<p>Todos os anos, o Departamento do Trabalho, por meio do Bureau of Labor Statistics, publica os dados de les\u00f5es e doen\u00e7as no local de trabalho que re\u00fane e compila. Em 2004, 5.764 pessoas perderam a vida enquanto trabalhavam nos Estados Unidos. Essas fatalidades foram causadas principalmente por incidentes relacionados ao tr\u00e2nsito (45%), seguidos de agress\u00f5es e atos violentos (18%), quedas (15%), contato com objetos e equipamentos (14%) e, finalmente, exposi\u00e7\u00e3o a danos subst\u00e2ncias.<\/p>\n<p>As les\u00f5es e doen\u00e7as n\u00e3o fatais relatadas em 2004, s\u00e9rias o suficiente para exigir afastamento do trabalho, totalizaram 1,27 milh\u00e3o, uma taxa de les\u00f5es equivalente a 141,3 por 100.000 trabalhadores em per\u00edodo integral. Esses dados incluem todas as les\u00f5es e doen\u00e7as relacionadas ao trabalho que resultaram em afastamento do trabalho al\u00e9m do dia em que a les\u00e3o ocorreu. O n\u00famero m\u00e9dio de dias de afastamento do trabalho por incidente em 2004 foi de 7 dias. Por categoria de les\u00e3o, os dados nacionais s\u00e3o divididos da seguinte forma: entorses e distens\u00f5es (41,7%), hematomas e contus\u00f5es (9,1%), cortes e lacera\u00e7\u00f5es (7,8%), fraturas (7,5%), queimaduras de calor e s\u00edndrome do t\u00fanel do carpo ( 1,5% cada) e outras les\u00f5es e doen\u00e7as comp\u00f5em os 5,8% restantes das les\u00f5es no local de trabalho. As ind\u00fastrias produtoras de bens t\u00eam uma taxa mais alta de acidentes de trabalho do que as ind\u00fastrias de servi\u00e7os, com uma exce\u00e7\u00e3o. As empresas do setor de transporte fazem parte do setor de servi\u00e7os, mas apresentam uma taxa muito alta de acidentes de trabalho.<\/p>\n","protected":false},"excerpt":{"rendered":"<p>A seguran\u00e7a no local de trabalho refere-se ao ambiente de trabalho em uma empresa e abrange todos os fatores que afetam a seguran\u00e7a, a sa\u00fade e o bem-estar dos funcion\u00e1rios.<\/p>\n","protected":false},"author":1,"featured_media":168,"parent":0,"menu_order":0,"comment_status":"closed","ping_status":"closed","template":"full-width.php","meta":{"footnotes":""},"class_list":["post-30","page","type-page","status-publish","has-post-thumbnail","hentry"],"_links":{"self":[{"href":"https:\/\/www.dnssafety.com.br\/site\/wp-json\/wp\/v2\/pages\/30","targetHints":{"allow":["GET"]}}],"collection":[{"href":"https:\/\/www.dnssafety.com.br\/site\/wp-json\/wp\/v2\/pages"}],"about":[{"href":"https:\/\/www.dnssafety.com.br\/site\/wp-json\/wp\/v2\/types\/page"}],"author":[{"embeddable":true,"href":"https:\/\/www.dnssafety.com.br\/site\/wp-json\/wp\/v2\/users\/1"}],"replies":[{"embeddable":true,"href":"https:\/\/www.dnssafety.com.br\/site\/wp-json\/wp\/v2\/comments?post=30"}],"version-history":[{"count":3,"href":"https:\/\/www.dnssafety.com.br\/site\/wp-json\/wp\/v2\/pages\/30\/revisions"}],"predecessor-version":[{"id":42,"href":"https:\/\/www.dnssafety.com.br\/site\/wp-json\/wp\/v2\/pages\/30\/revisions\/42"}],"wp:featuredmedia":[{"embeddable":true,"href":"https:\/\/www.dnssafety.com.br\/site\/wp-json\/wp\/v2\/media\/168"}],"wp:attachment":[{"href":"https:\/\/www.dnssafety.com.br\/site\/wp-json\/wp\/v2\/media?parent=30"}],"curies":[{"name":"wp","href":"https:\/\/api.w.org\/{rel}","templated":true}]}}