{"id":46,"date":"2020-02-03T08:41:30","date_gmt":"2020-02-03T11:41:30","guid":{"rendered":"https:\/\/www.dnssafety.com.br\/site\/?page_id=46"},"modified":"2020-02-26T15:42:39","modified_gmt":"2020-02-26T18:42:39","slug":"norma-regulamentadora-12","status":"publish","type":"page","link":"https:\/\/www.dnssafety.com.br\/site\/norma-regulamentadora-12\/","title":{"rendered":"Norma Regulamentadora 12"},"content":{"rendered":"<p>Seguran\u00e7a de M\u00e1quinas e Equipamentos<\/p>\n<p>A NR-12\u00a0\u00e9 uma norma reguladora do Minist\u00e9rio do Trabalho, que visa a seguran\u00e7a aos trabalhadores e estabelece os procedimentos de seguran\u00e7a obrigat\u00f3rio nos locais destinados a m\u00e1quinas e equipamentos.<\/p>\n<p>A DNS Safety\u00a0\u00e9 uma empresa que realiza as adequa\u00e7\u00f5es pertinentes de seu maquin\u00e1rio a\u00a0NR-12, executando servi\u00e7os como:<\/p>\n<ul>\n<li>Adequa\u00e7\u00e3o NR-12: Invent\u00e1rio, Levantamento, An\u00e1lise de risco e valida\u00e7\u00e3o de equipamentos.<\/li>\n<li>Laudos junto ao Minist\u00e9rio do Trabalho<\/li>\n<li>ART<\/li>\n<li>Documenta\u00e7\u00e3o Completa<\/li>\n<\/ul>\n","protected":false},"excerpt":{"rendered":"<p>Seguran\u00e7a de M\u00e1quinas e Equipamentos A NR-12\u00a0\u00e9 uma norma reguladora do Minist\u00e9rio do Trabalho, que visa a seguran\u00e7a aos trabalhadores e estabelece os procedimentos de seguran\u00e7a obrigat\u00f3rio nos locais destinados a m\u00e1quinas e equipamentos. A DNS Safety\u00a0\u00e9 uma empresa que [&hellip;]<\/p>\n","protected":false},"author":1,"featured_media":0,"parent":0,"menu_order":0,"comment_status":"closed","ping_status":"closed","template":"full-width.php","meta":{"footnotes":""},"class_list":["post-46","page","type-page","status-publish","hentry"],"_links":{"self":[{"href":"https:\/\/www.dnssafety.com.br\/site\/wp-json\/wp\/v2\/pages\/46","targetHints":{"allow":["GET"]}}],"collection":[{"href":"https:\/\/www.dnssafety.com.br\/site\/wp-json\/wp\/v2\/pages"}],"about":[{"href":"https:\/\/www.dnssafety.com.br\/site\/wp-json\/wp\/v2\/types\/page"}],"author":[{"embeddable":true,"href":"https:\/\/www.dnssafety.com.br\/site\/wp-json\/wp\/v2\/users\/1"}],"replies":[{"embeddable":true,"href":"https:\/\/www.dnssafety.com.br\/site\/wp-json\/wp\/v2\/comments?post=46"}],"version-history":[{"count":2,"href":"https:\/\/www.dnssafety.com.br\/site\/wp-json\/wp\/v2\/pages\/46\/revisions"}],"predecessor-version":[{"id":174,"href":"https:\/\/www.dnssafety.com.br\/site\/wp-json\/wp\/v2\/pages\/46\/revisions\/174"}],"wp:attachment":[{"href":"https:\/\/www.dnssafety.com.br\/site\/wp-json\/wp\/v2\/media?parent=46"}],"curies":[{"name":"wp","href":"https:\/\/api.w.org\/{rel}","templated":true}]}}