{"id":91,"date":"2020-02-04T08:19:04","date_gmt":"2020-02-04T11:19:04","guid":{"rendered":"https:\/\/www.dnssafety.com.br\/site\/?page_id=91"},"modified":"2020-02-17T22:19:33","modified_gmt":"2020-02-18T01:19:33","slug":"seguranca-do-trabalho","status":"publish","type":"page","link":"https:\/\/www.dnssafety.com.br\/site\/seguranca-do-trabalho\/","title":{"rendered":"Seguran\u00e7a do Trabalho"},"content":{"rendered":"<p><img decoding=\"async\" class=\"alignnone size-full wp-image-151\" src=\"https:\/\/www.dnssafety.com.br\/site\/site\/wp-content\/uploads\/2020\/02\/seguranca-do-trabalho.jpg\" alt=\"seguranca-do-trabalho\" width=\"100%\" srcset=\"https:\/\/www.dnssafety.com.br\/site\/wp-content\/uploads\/2020\/02\/seguranca-do-trabalho.jpg 1772w, https:\/\/www.dnssafety.com.br\/site\/wp-content\/uploads\/2020\/02\/seguranca-do-trabalho-300x59.jpg 300w, https:\/\/www.dnssafety.com.br\/site\/wp-content\/uploads\/2020\/02\/seguranca-do-trabalho-1024x202.jpg 1024w, https:\/\/www.dnssafety.com.br\/site\/wp-content\/uploads\/2020\/02\/seguranca-do-trabalho-768x152.jpg 768w, https:\/\/www.dnssafety.com.br\/site\/wp-content\/uploads\/2020\/02\/seguranca-do-trabalho-1536x303.jpg 1536w\" sizes=\"(max-width: 1772px) 100vw, 1772px\" \/><\/p>\n<h2>Servi\u00e7os Prestados em Seguran\u00e7a do Trabalho<\/h2>\n<ul>\n<li>PPRA \u201cPrograma de Preven\u00e7\u00e3o de Riscos Ambientais\u201d;<\/li>\n<li>LTCAT \u201cLaudo T\u00e9cnico das Condi\u00e7\u00f5es Ambientais de Trabalho\u201d;<\/li>\n<li>PCMAT \u201cPrograma de Condi\u00e7\u00f5es e Meio Ambiente de Trabalho na Industria da Constru\u00e7\u00e3o\u201d;<\/li>\n<li>AET \u201cLaudo Ergon\u00f4mico e An\u00e1lise Ergon\u00f4mica do Trabalho\u201d;<\/li>\n<li>\u201cProjetos de Prote\u00e7\u00e3o e Combate a Inc\u00eandio\u201d;<\/li>\n<li>E social;<\/li>\n<li>PPP \u201cPerfil Profissiogr\u00e1fico Previdenci\u00e1rio\u201d;<\/li>\n<li>PPR \u201cPrograma de Prote\u00e7\u00e3o Respirat\u00f3ria\u201d;<\/li>\n<li>PCA \u201cPrograma de Conserva\u00e7\u00e3o Auditiva\u201d;<\/li>\n<li>NR-10 Seguran\u00e7a em Instala\u00e7\u00f5es e Servi\u00e7os com Eletricidade \u201cDiagrama Unifilar e Prontu\u00e1rio das Instala\u00e7\u00f5es\u201d;<\/li>\n<li>NR-12 Seguran\u00e7a em M\u00e1quinas e Equipamentos \u201cInvent\u00e1rio de M\u00e1quinas e Equipamentos e An\u00e1lise de Risco\u201d;<\/li>\n<li>NR-13 Seguran\u00e7a em Caldeiras, Tubula\u00e7\u00f5es e Vasos de Press\u00e3o \u201cInspe\u00e7\u00e3o em Vaso de Press\u00e3o, Caldeiras e Tubula\u00e7\u00f5es\u201d;<\/li>\n<li>NR-20 Seguran\u00e7a com Inflam\u00e1veis e Combust\u00edveis \u201cProntu\u00e1rio das Instala\u00e7\u00f5es\u201d;<\/li>\n<li>Treinamentos espec\u00edficos conforme legisla\u00e7\u00e3o;<\/li>\n<li>Projetos e obten\u00e7\u00e3o do Alvar\u00e1 de Vistoria do Corpo de Bombeiros;<\/li>\n<li>An\u00e1lise de Risco de Seguran\u00e7a para elimina\u00e7\u00e3o\/atenua\u00e7\u00e3o de Passivos Trabalhistas;<\/li>\n<\/ul>\n","protected":false},"excerpt":{"rendered":"<p>Servi\u00e7os Prestados em Seguran\u00e7a do Trabalho PPRA \u201cPrograma de Preven\u00e7\u00e3o de Riscos Ambientais\u201d; LTCAT \u201cLaudo T\u00e9cnico das Condi\u00e7\u00f5es Ambientais de Trabalho\u201d; PCMAT \u201cPrograma de Condi\u00e7\u00f5es e Meio Ambiente de Trabalho na Industria da Constru\u00e7\u00e3o\u201d; AET \u201cLaudo Ergon\u00f4mico e An\u00e1lise Ergon\u00f4mica [&hellip;]<\/p>\n","protected":false},"author":1,"featured_media":0,"parent":0,"menu_order":0,"comment_status":"closed","ping_status":"closed","template":"full-width.php","meta":{"footnotes":""},"class_list":["post-91","page","type-page","status-publish","hentry"],"_links":{"self":[{"href":"https:\/\/www.dnssafety.com.br\/site\/wp-json\/wp\/v2\/pages\/91","targetHints":{"allow":["GET"]}}],"collection":[{"href":"https:\/\/www.dnssafety.com.br\/site\/wp-json\/wp\/v2\/pages"}],"about":[{"href":"https:\/\/www.dnssafety.com.br\/site\/wp-json\/wp\/v2\/types\/page"}],"author":[{"embeddable":true,"href":"https:\/\/www.dnssafety.com.br\/site\/wp-json\/wp\/v2\/users\/1"}],"replies":[{"embeddable":true,"href":"https:\/\/www.dnssafety.com.br\/site\/wp-json\/wp\/v2\/comments?post=91"}],"version-history":[{"count":4,"href":"https:\/\/www.dnssafety.com.br\/site\/wp-json\/wp\/v2\/pages\/91\/revisions"}],"predecessor-version":[{"id":166,"href":"https:\/\/www.dnssafety.com.br\/site\/wp-json\/wp\/v2\/pages\/91\/revisions\/166"}],"wp:attachment":[{"href":"https:\/\/www.dnssafety.com.br\/site\/wp-json\/wp\/v2\/media?parent=91"}],"curies":[{"name":"wp","href":"https:\/\/api.w.org\/{rel}","templated":true}]}}