{"id":95,"date":"2020-02-04T08:20:30","date_gmt":"2020-02-04T11:20:30","guid":{"rendered":"https:\/\/www.dnssafety.com.br\/site\/?page_id=95"},"modified":"2020-02-24T07:52:01","modified_gmt":"2020-02-24T10:52:01","slug":"medicina-do-trabalho","status":"publish","type":"page","link":"https:\/\/www.dnssafety.com.br\/site\/medicina-do-trabalho\/","title":{"rendered":"Medicina do Trabalho"},"content":{"rendered":"<p><img loading=\"lazy\" decoding=\"async\" class=\"aligncenter size-full wp-image-155\" src=\"https:\/\/www.dnssafety.com.br\/site\/site\/wp-content\/uploads\/2020\/02\/medicina-do-trabalho-pirassununga.jpg\" alt=\"medicina-do-trabalho-pirassununga\" width=\"1920\" height=\"634\" srcset=\"https:\/\/www.dnssafety.com.br\/site\/wp-content\/uploads\/2020\/02\/medicina-do-trabalho-pirassununga.jpg 1920w, https:\/\/www.dnssafety.com.br\/site\/wp-content\/uploads\/2020\/02\/medicina-do-trabalho-pirassununga-300x99.jpg 300w, https:\/\/www.dnssafety.com.br\/site\/wp-content\/uploads\/2020\/02\/medicina-do-trabalho-pirassununga-1024x338.jpg 1024w, https:\/\/www.dnssafety.com.br\/site\/wp-content\/uploads\/2020\/02\/medicina-do-trabalho-pirassununga-768x254.jpg 768w, https:\/\/www.dnssafety.com.br\/site\/wp-content\/uploads\/2020\/02\/medicina-do-trabalho-pirassununga-1536x507.jpg 1536w\" sizes=\"auto, (max-width: 1920px) 100vw, 1920px\" \/><\/p>\n<h2>Servi\u00e7os Prestados em Medicina do Trabalho<\/h2>\n<ul>\n<li>PCMSO \u201cPrograma de Controle M\u00e9dico de Sa\u00fade Ocupacional\u201d;<\/li>\n<li>Exames Laboratoriais;<\/li>\n<li>Exame Admissional;<\/li>\n<li>Exame Peri\u00f3dico;<\/li>\n<li>Exame Mudan\u00e7a de Fun\u00e7\u00e3o;<\/li>\n<li>Exame Retorno ao Trabalho;<\/li>\n<li>Exame Demissional;<\/li>\n<\/ul>\n","protected":false},"excerpt":{"rendered":"<p>Servi\u00e7os Prestados em Medicina do Trabalho PCMSO \u201cPrograma de Controle M\u00e9dico de Sa\u00fade Ocupacional\u201d; Exames Laboratoriais; Exame Admissional; Exame Peri\u00f3dico; Exame Mudan\u00e7a de Fun\u00e7\u00e3o; Exame Retorno ao Trabalho; Exame Demissional;<\/p>\n","protected":false},"author":1,"featured_media":0,"parent":0,"menu_order":0,"comment_status":"closed","ping_status":"closed","template":"full-width.php","meta":{"footnotes":""},"class_list":["post-95","page","type-page","status-publish","hentry"],"_links":{"self":[{"href":"https:\/\/www.dnssafety.com.br\/site\/wp-json\/wp\/v2\/pages\/95","targetHints":{"allow":["GET"]}}],"collection":[{"href":"https:\/\/www.dnssafety.com.br\/site\/wp-json\/wp\/v2\/pages"}],"about":[{"href":"https:\/\/www.dnssafety.com.br\/site\/wp-json\/wp\/v2\/types\/page"}],"author":[{"embeddable":true,"href":"https:\/\/www.dnssafety.com.br\/site\/wp-json\/wp\/v2\/users\/1"}],"replies":[{"embeddable":true,"href":"https:\/\/www.dnssafety.com.br\/site\/wp-json\/wp\/v2\/comments?post=95"}],"version-history":[{"count":3,"href":"https:\/\/www.dnssafety.com.br\/site\/wp-json\/wp\/v2\/pages\/95\/revisions"}],"predecessor-version":[{"id":161,"href":"https:\/\/www.dnssafety.com.br\/site\/wp-json\/wp\/v2\/pages\/95\/revisions\/161"}],"wp:attachment":[{"href":"https:\/\/www.dnssafety.com.br\/site\/wp-json\/wp\/v2\/media?parent=95"}],"curies":[{"name":"wp","href":"https:\/\/api.w.org\/{rel}","templated":true}]}}